{"id":882,"date":"2025-03-06T16:25:30","date_gmt":"2025-03-06T15:25:30","guid":{"rendered":"http:\/\/vote.bestofbudapest.com\/impresszum\/"},"modified":"2025-03-10T09:07:06","modified_gmt":"2025-03-10T08:07:06","slug":"impressum","status":"publish","type":"page","link":"http:\/\/vote.bestofbudapest.com\/en\/impressum\/","title":{"rendered":"Impressum"},"content":{"rendered":"\n<h3 class=\"wp-block-heading\">Website maintainer<\/h3>\n\n\n\n<p><strong>Company: <\/strong>DUAX Kft.<br><strong>Sz\u00e9khely:<\/strong> 1183 Budapest, Gy\u00f6mr\u0151i \u00fat 99.<br><strong>Tax number:<\/strong> 12057229-2-41<br><strong>Company registration number:<\/strong> 01-09-465162<\/p>\n\n\n\n<h3 class=\"wp-block-heading\">Website Editor<\/h3>\n\n\n\n<p><strong>Company name:<\/strong> IntroWeb Szolg\u00e1ltat\u00f3 \u00e9s Kereskedelmi Kft.<br><strong>Registered office:<\/strong> 6724 Szeged, Gelei J\u00f3zsef u. 5. 1. floor. 3.<br><strong>Company registration number<\/strong>: 06-09-008564<br><strong>Tax number:<\/strong> 13037176-2-06<br><strong>Phone number:<\/strong> +36 20 4142574<br><strong>E-mail address:<\/strong> porta@introweb.hu<br><strong>Website: <\/strong>www.introweb.hu<\/p>\n","protected":false},"excerpt":{"rendered":"<p>Website maintainer Company: DUAX Kft.Sz\u00e9khely: 1183 Budapest, Gy\u00f6mr\u0151i \u00fat 99.Tax number: 12057229-2-41Company registration number: 01-09-465162 Website Editor Company name: IntroWeb Szolg\u00e1ltat\u00f3 \u00e9s Kereskedelmi Kft.Registered office: 6724 Szeged, Gelei J\u00f3zsef u. 5. 1. floor. 3.Company registration number: 06-09-008564Tax number: 13037176-2-06Phone number: +36 20 4142574E-mail address: porta@introweb.huWebsite: www.introweb.hu<\/p>\n","protected":false},"author":3,"featured_media":0,"parent":0,"menu_order":0,"comment_status":"closed","ping_status":"closed","template":"","meta":{"_acf_changed":false,"footnotes":""},"class_list":["post-882","page","type-page","status-publish","hentry"],"acf":[],"_links":{"self":[{"href":"http:\/\/vote.bestofbudapest.com\/en\/wp-json\/wp\/v2\/pages\/882","targetHints":{"allow":["GET"]}}],"collection":[{"href":"http:\/\/vote.bestofbudapest.com\/en\/wp-json\/wp\/v2\/pages"}],"about":[{"href":"http:\/\/vote.bestofbudapest.com\/en\/wp-json\/wp\/v2\/types\/page"}],"author":[{"embeddable":true,"href":"http:\/\/vote.bestofbudapest.com\/en\/wp-json\/wp\/v2\/users\/3"}],"replies":[{"embeddable":true,"href":"http:\/\/vote.bestofbudapest.com\/en\/wp-json\/wp\/v2\/comments?post=882"}],"version-history":[{"count":1,"href":"http:\/\/vote.bestofbudapest.com\/en\/wp-json\/wp\/v2\/pages\/882\/revisions"}],"predecessor-version":[{"id":903,"href":"http:\/\/vote.bestofbudapest.com\/en\/wp-json\/wp\/v2\/pages\/882\/revisions\/903"}],"wp:attachment":[{"href":"http:\/\/vote.bestofbudapest.com\/en\/wp-json\/wp\/v2\/media?parent=882"}],"curies":[{"name":"wp","href":"https:\/\/api.w.org\/{rel}","templated":true}]}}